{"id":769,"date":"2024-12-08T17:10:26","date_gmt":"2024-12-08T17:10:26","guid":{"rendered":"https:\/\/zolhos.com.br\/eita\/home\/"},"modified":"2024-12-21T13:41:56","modified_gmt":"2024-12-21T13:41:56","slug":"home","status":"publish","type":"page","link":"https:\/\/zolhos.com.br\/eita\/","title":{"rendered":"Home"},"content":{"rendered":"\t\t<div data-elementor-type=\"wp-page\" data-elementor-id=\"769\" class=\"elementor elementor-769\">\n\t\t\t\t<div class=\"elementor-element elementor-element-20e6f5a e-flex e-con-boxed e-con e-parent\" data-id=\"20e6f5a\" data-element_type=\"container\" data-settings=\"{&quot;background_background&quot;:&quot;slideshow&quot;,&quot;background_slideshow_gallery&quot;:[{&quot;id&quot;:1103,&quot;url&quot;:&quot;https:\\\/\\\/zolhos.com.br\\\/eita\\\/wp-content\\\/uploads\\\/2024\\\/12\\\/ART_ABSTRACT_EXPERIMENTAL_YELLOW_CONTEMPORARY.png&quot;}],&quot;background_slideshow_loop&quot;:&quot;yes&quot;,&quot;background_slideshow_slide_duration&quot;:5000,&quot;background_slideshow_slide_transition&quot;:&quot;fade&quot;,&quot;background_slideshow_transition_duration&quot;:500}\">\n\t\t\t\t\t<div class=\"e-con-inner\">\n\t\t<div class=\"elementor-element elementor-element-fa7fb98 e-con-full e-flex e-con e-child\" data-id=\"fa7fb98\" data-element_type=\"container\">\n\t\t\t\t<div class=\"elementor-element elementor-element-b8e34f2 elementor-widget elementor-widget-heading\" data-id=\"b8e34f2\" data-element_type=\"widget\" data-widget_type=\"heading.default\">\n\t\t\t\t<div class=\"elementor-widget-container\">\n\t\t\t<h6 class=\"elementor-heading-title elementor-size-default\">CHAMADA PARA ARTISTAS<\/h6>\t\t<\/div>\n\t\t\t\t<\/div>\n\t\t\t\t<div class=\"elementor-element elementor-element-b097460 elementor-widget elementor-widget-heading\" data-id=\"b097460\" data-element_type=\"widget\" data-widget_type=\"heading.default\">\n\t\t\t\t<div class=\"elementor-widget-container\">\n\t\t\t<h1 class=\"elementor-heading-title elementor-size-default\">EITA!<\/h1>\t\t<\/div>\n\t\t\t\t<\/div>\n\t\t\t\t<div class=\"elementor-element elementor-element-4cf36f2 elementor-widget elementor-widget-heading\" data-id=\"4cf36f2\" data-element_type=\"widget\" data-widget_type=\"heading.default\">\n\t\t\t\t<div class=\"elementor-widget-container\">\n\t\t\t<h6 class=\"elementor-heading-title elementor-size-default\">Encontro Internacional de Arte Contempor\u00e2nea<\/h6>\t\t<\/div>\n\t\t\t\t<\/div>\n\t\t\t\t<div class=\"elementor-element elementor-element-3e12540 elementor-widget elementor-widget-shortcode\" data-id=\"3e12540\" data-element_type=\"widget\" data-widget_type=\"shortcode.default\">\n\t\t\t\t<div class=\"elementor-widget-container\">\n\t\t\t\t\t<div class=\"elementor-shortcode\"><div class=\"gtranslate_wrapper\" id=\"gt-wrapper-76813340\"><\/div><\/div>\n\t\t\t\t<\/div>\n\t\t\t\t<\/div>\n\t\t\t\t<div class=\"elementor-element elementor-element-ae6ff06 elementor-widget elementor-widget-heading\" data-id=\"ae6ff06\" data-element_type=\"widget\" data-widget_type=\"heading.default\">\n\t\t\t\t<div class=\"elementor-widget-container\">\n\t\t\t<h6 class=\"elementor-heading-title elementor-size-default\">INSCRI\u00c7\u00d5ES ABERTAS AT\u00c9 15 JANEIRO 2025<\/h6>\t\t<\/div>\n\t\t\t\t<\/div>\n\t\t\t\t<div class=\"elementor-element elementor-element-1e9bf5c elementor-widget elementor-widget-button\" data-id=\"1e9bf5c\" data-element_type=\"widget\" data-widget_type=\"button.default\">\n\t\t\t\t<div class=\"elementor-widget-container\">\n\t\t\t\t\t\t\t<div class=\"elementor-button-wrapper\">\n\t\t\t\t\t<a class=\"elementor-button elementor-button-link elementor-size-sm\" href=\"https:\/\/docs.google.com\/forms\/d\/e\/1FAIpQLScCNwDA2odsVU9GLNpjKOxzsmWCXTZJQpZIfsfYVTylmYLJXw\/viewform?usp=sharing\">\n\t\t\t\t\t\t<span class=\"elementor-button-content-wrapper\">\n\t\t\t\t\t\t\t\t\t<span class=\"elementor-button-text\">Regras e inscri\u00e7\u00e3o aqui<\/span>\n\t\t\t\t\t<\/span>\n\t\t\t\t\t<\/a>\n\t\t\t\t<\/div>\n\t\t\t\t\t\t<\/div>\n\t\t\t\t<\/div>\n\t\t<div class=\"elementor-element elementor-element-bb41dc2 e-grid e-con-full e-con e-child\" data-id=\"bb41dc2\" data-element_type=\"container\">\n\t\t\t\t<div class=\"elementor-element elementor-element-004713e elementor-widget__width-initial elementor-widget elementor-widget-heading\" data-id=\"004713e\" data-element_type=\"widget\" data-widget_type=\"heading.default\">\n\t\t\t\t<div class=\"elementor-widget-container\">\n\t\t\t<h6 class=\"elementor-heading-title elementor-size-default\">Siga o EITA pelo instagram<\/h6>\t\t<\/div>\n\t\t\t\t<\/div>\n\t\t\t\t<div class=\"elementor-element elementor-element-1349c17 e-grid-align-left elementor-widget__width-initial elementor-shape-rounded elementor-grid-0 elementor-widget elementor-widget-social-icons\" data-id=\"1349c17\" data-element_type=\"widget\" data-widget_type=\"social-icons.default\">\n\t\t\t\t<div class=\"elementor-widget-container\">\n\t\t\t\t\t<div class=\"elementor-social-icons-wrapper elementor-grid\">\n\t\t\t\t\t\t\t<span class=\"elementor-grid-item\">\n\t\t\t\t\t<a class=\"elementor-icon elementor-social-icon elementor-social-icon-instagram elementor-repeater-item-c7561dd\" href=\"https:\/\/www.instagram.com\/bienaleita\" target=\"_blank\">\n\t\t\t\t\t\t<span class=\"elementor-screen-only\">Instagram<\/span>\n\t\t\t\t\t\t<svg class=\"e-font-icon-svg e-fab-instagram\" viewBox=\"0 0 448 512\" xmlns=\"http:\/\/www.w3.org\/2000\/svg\"><path d=\"M224.1 141c-63.6 0-114.9 51.3-114.9 114.9s51.3 114.9 114.9 114.9S339 319.5 339 255.9 287.7 141 224.1 141zm0 189.6c-41.1 0-74.7-33.5-74.7-74.7s33.5-74.7 74.7-74.7 74.7 33.5 74.7 74.7-33.6 74.7-74.7 74.7zm146.4-194.3c0 14.9-12 26.8-26.8 26.8-14.9 0-26.8-12-26.8-26.8s12-26.8 26.8-26.8 26.8 12 26.8 26.8zm76.1 27.2c-1.7-35.9-9.9-67.7-36.2-93.9-26.2-26.2-58-34.4-93.9-36.2-37-2.1-147.9-2.1-184.9 0-35.8 1.7-67.6 9.9-93.9 36.1s-34.4 58-36.2 93.9c-2.1 37-2.1 147.9 0 184.9 1.7 35.9 9.9 67.7 36.2 93.9s58 34.4 93.9 36.2c37 2.1 147.9 2.1 184.9 0 35.9-1.7 67.7-9.9 93.9-36.2 26.2-26.2 34.4-58 36.2-93.9 2.1-37 2.1-147.8 0-184.8zM398.8 388c-7.8 19.6-22.9 34.7-42.6 42.6-29.5 11.7-99.5 9-132.1 9s-102.7 2.6-132.1-9c-19.6-7.8-34.7-22.9-42.6-42.6-11.7-29.5-9-99.5-9-132.1s-2.6-102.7 9-132.1c7.8-19.6 22.9-34.7 42.6-42.6 29.5-11.7 99.5-9 132.1-9s102.7-2.6 132.1 9c19.6 7.8 34.7 22.9 42.6 42.6 11.7 29.5 9 99.5 9 132.1s2.7 102.7-9 132.1z\"><\/path><\/svg>\t\t\t\t\t<\/a>\n\t\t\t\t<\/span>\n\t\t\t\t\t<\/div>\n\t\t\t\t<\/div>\n\t\t\t\t<\/div>\n\t\t\t\t<\/div>\n\t\t\t\t<\/div>\n\t\t\t\t\t<\/div>\n\t\t\t\t<\/div>\n\t\t<div class=\"elementor-element elementor-element-23bafd1 e-flex e-con-boxed e-con e-parent\" data-id=\"23bafd1\" data-element_type=\"container\" data-settings=\"{&quot;background_background&quot;:&quot;classic&quot;}\">\n\t\t\t\t\t<div class=\"e-con-inner\">\n\t\t<div class=\"elementor-element elementor-element-d8d9c5c e-con-full e-flex e-con e-child\" data-id=\"d8d9c5c\" data-element_type=\"container\" data-settings=\"{&quot;background_background&quot;:&quot;classic&quot;}\">\n\t\t\t\t<div class=\"elementor-element elementor-element-b19ee89 elementor-widget elementor-widget-heading\" data-id=\"b19ee89\" data-element_type=\"widget\" data-widget_type=\"heading.default\">\n\t\t\t\t<div class=\"elementor-widget-container\">\n\t\t\t<h5 class=\"elementor-heading-title elementor-size-default\">ENCONTRO INTERNACIONAL DE ARTE CONTEMPOR\u00c2NEA<\/h5>\t\t<\/div>\n\t\t\t\t<\/div>\n\t\t\t\t<div class=\"elementor-element elementor-element-7245fe3 elementor-widget elementor-widget-text-editor\" data-id=\"7245fe3\" data-element_type=\"widget\" data-widget_type=\"text-editor.default\">\n\t\t\t\t<div class=\"elementor-widget-container\">\n\t\t\t\t\t\t\t<p>ACONTECER\u00c1 EM 2025 EM SOBRAL A EXPOSI\u00c7\u00c3O EITA, REUNINDO 50 ARTISTAS VISUAIS<\/p>\t\t\t\t\t\t<\/div>\n\t\t\t\t<\/div>\n\t\t\t\t<div class=\"elementor-element elementor-element-f7cb0de elementor-widget elementor-widget-text-editor\" data-id=\"f7cb0de\" data-element_type=\"widget\" data-widget_type=\"text-editor.default\">\n\t\t\t\t<div class=\"elementor-widget-container\">\n\t\t\t\t\t\t\t<div>O evento EITA! Cear\u00e1 convida artistas a enviarem seus trabalhos para integrar a exposi\u00e7\u00e3o que ocorrer\u00e1 na Casa da Cultura de Sobral, com o objetivo de valorizar a produ\u00e7\u00e3o art\u00edstica contempor\u00e2nea e fomentar a experimenta\u00e7\u00e3o nas diferentes linguagens art\u00edsticas. Ser\u00e3o selecionados 50 artistas, sendo 30 cearenses, 10 de outros estados do Brasil e 10 internacionais.<\/div>\n<div>&nbsp;<\/div>\n<div>Inscri\u00e7\u00f5es abertas de 13 de dezembro de 2024 a 15 de janeiro de 2025.<\/div>\n<p>Exposi\u00e7\u00e3o: Fevereiro a Abril de 2025.<\/p>\t\t\t\t\t\t<\/div>\n\t\t\t\t<\/div>\n\t\t\t\t<div class=\"elementor-element elementor-element-c6ae560 elementor-widget elementor-widget-heading\" data-id=\"c6ae560\" data-element_type=\"widget\" data-widget_type=\"heading.default\">\n\t\t\t\t<div class=\"elementor-widget-container\">\n\t\t\t<h6 class=\"elementor-heading-title elementor-size-default\">EITA! EXPOSI\u00c7\u00c3O EM 2025<\/h6>\t\t<\/div>\n\t\t\t\t<\/div>\n\t\t\t\t<\/div>\n\t\t\t\t\t<\/div>\n\t\t\t\t<\/div>\n\t\t<div class=\"elementor-element elementor-element-90c0557 e-con-full e-flex e-con e-parent\" data-id=\"90c0557\" data-element_type=\"container\" data-settings=\"{&quot;background_background&quot;:&quot;classic&quot;}\">\n\t\t<div class=\"elementor-element elementor-element-bf00b2f e-con-full e-flex e-con e-child\" data-id=\"bf00b2f\" data-element_type=\"container\">\n\t\t\t\t<div class=\"elementor-element elementor-element-885e134 elementor-widget elementor-widget-image\" data-id=\"885e134\" data-element_type=\"widget\" data-widget_type=\"image.default\">\n\t\t\t\t<div class=\"elementor-widget-container\">\n\t\t\t\t\t\t\t\t\t\t\t\t\t<img fetchpriority=\"high\" decoding=\"async\" width=\"1024\" height=\"576\" src=\"https:\/\/zolhos.com.br\/eita\/wp-content\/uploads\/2024\/12\/EITA-1-1024x576.jpg\" class=\"attachment-large size-large wp-image-1101\" alt=\"\" srcset=\"https:\/\/zolhos.com.br\/eita\/wp-content\/uploads\/2024\/12\/EITA-1-1024x576.jpg 1024w, https:\/\/zolhos.com.br\/eita\/wp-content\/uploads\/2024\/12\/EITA-1-300x169.jpg 300w, https:\/\/zolhos.com.br\/eita\/wp-content\/uploads\/2024\/12\/EITA-1-768x432.jpg 768w, https:\/\/zolhos.com.br\/eita\/wp-content\/uploads\/2024\/12\/EITA-1-1536x864.jpg 1536w, https:\/\/zolhos.com.br\/eita\/wp-content\/uploads\/2024\/12\/EITA-1.jpg 1920w\" sizes=\"(max-width: 1024px) 100vw, 1024px\" \/>\t\t\t\t\t\t\t\t\t\t\t\t\t<\/div>\n\t\t\t\t<\/div>\n\t\t\t\t<\/div>\n\t\t<div class=\"elementor-element elementor-element-2442b02 e-con-full e-flex e-con e-child\" data-id=\"2442b02\" data-element_type=\"container\">\n\t\t\t\t<div class=\"elementor-element elementor-element-5ccc51e elementor-vertical-align-top elementor-widget elementor-widget-icon-box\" data-id=\"5ccc51e\" data-element_type=\"widget\" data-widget_type=\"icon-box.default\">\n\t\t\t\t<div class=\"elementor-widget-container\">\n\t\t\t\t\t<div class=\"elementor-icon-box-wrapper\">\n\n\t\t\t\n\t\t\t\t\t\t<div class=\"elementor-icon-box-content\">\n\n\t\t\t\t\t\t\t\t\t<h4 class=\"elementor-icon-box-title\">\n\t\t\t\t\t\t<span  >\n\t\t\t\t\t\t\tEITA!\t\t\t\t\t\t<\/span>\n\t\t\t\t\t<\/h4>\n\t\t\t\t\n\t\t\t\t\t\t\t\t\t<p class=\"elementor-icon-box-description\">\n\t\t\t\t\t\t<span class=\"OYPEnA font-feature-liga-off font-feature-clig-off font-feature-calt-off text-decoration-none text-strikethrough-none\" style=\"color: rgb(255, 255, 255); font-kerning: none;\">\"Eita!\" \u00e9 uma palavra t\u00edpica da regi\u00e3o nordeste do Brasil, usada para demonstrar admira\u00e7\u00e3o, choque ou incredulidade. A exposi\u00e7\u00e3o busca exatamente essa rea\u00e7\u00e3o no p\u00fablico, provocando-o a refletir sobre os limites e as fronteiras da arte contempor\u00e2nea.<\/span>\t\t\t\t\t<\/p>\n\t\t\t\t\n\t\t\t<\/div>\n\t\t\t\n\t\t<\/div>\n\t\t\t\t<\/div>\n\t\t\t\t<\/div>\n\t\t\t\t<div class=\"elementor-element elementor-element-1f555cc elementor-widget elementor-widget-text-editor\" data-id=\"1f555cc\" data-element_type=\"widget\" data-widget_type=\"text-editor.default\">\n\t\t\t\t<div class=\"elementor-widget-container\">\n\t\t\t\t\t\t\t<p>A exposi\u00e7\u00e3o de arte comtempor\u00e2nea EITA! Acontece no Brasil no Cear\u00e1 na cidade de Sobral. Os 50 artistas ir\u00e3o expor suar obras por 2 meses com direito a obra no cat\u00e1logo digital.<\/p>\t\t\t\t\t\t<\/div>\n\t\t\t\t<\/div>\n\t\t\t\t<\/div>\n\t\t\t\t<\/div>\n\t\t<div class=\"elementor-element elementor-element-0848576 e-con-full e-flex e-con e-parent\" data-id=\"0848576\" data-element_type=\"container\" data-settings=\"{&quot;background_background&quot;:&quot;classic&quot;}\">\n\t\t<div class=\"elementor-element elementor-element-bebb57e e-con-full e-flex e-con e-child\" data-id=\"bebb57e\" data-element_type=\"container\">\n\t\t\t\t<div class=\"elementor-element elementor-element-5615dfc elementor-vertical-align-top elementor-widget elementor-widget-icon-box\" data-id=\"5615dfc\" data-element_type=\"widget\" data-widget_type=\"icon-box.default\">\n\t\t\t\t<div class=\"elementor-widget-container\">\n\t\t\t\t\t<div class=\"elementor-icon-box-wrapper\">\n\n\t\t\t\n\t\t\t\t\t\t<div class=\"elementor-icon-box-content\">\n\n\t\t\t\t\t\t\t\t\t<h4 class=\"elementor-icon-box-title\">\n\t\t\t\t\t\t<span  >\n\t\t\t\t\t\t\tEXPERIMENTA\u00c7\u00c3O\t\t\t\t\t\t<\/span>\n\t\t\t\t\t<\/h4>\n\t\t\t\t\n\t\t\t\t\t\t\t\t\t<p class=\"elementor-icon-box-description\">\n\t\t\t\t\t\tDesconstruir as fronteiras entre as diferentes linguagens art\u00edsticas, incentivando a experimenta\u00e7\u00e3o e a intera\u00e7\u00e3o com o p\u00fablico. \n\t\t\t\t\t<\/p>\n\t\t\t\t\n\t\t\t<\/div>\n\t\t\t\n\t\t<\/div>\n\t\t\t\t<\/div>\n\t\t\t\t<\/div>\n\t\t\t\t<div class=\"elementor-element elementor-element-d6d45ac elementor-vertical-align-top elementor-widget elementor-widget-icon-box\" data-id=\"d6d45ac\" data-element_type=\"widget\" data-widget_type=\"icon-box.default\">\n\t\t\t\t<div class=\"elementor-widget-container\">\n\t\t\t\t\t<div class=\"elementor-icon-box-wrapper\">\n\n\t\t\t\n\t\t\t\t\t\t<div class=\"elementor-icon-box-content\">\n\n\t\t\t\t\t\t\t\t\t<h4 class=\"elementor-icon-box-title\">\n\t\t\t\t\t\t<span  >\n\t\t\t\t\t\t\tEXPERI\u00caNCIAS\t\t\t\t\t\t<\/span>\n\t\t\t\t\t<\/h4>\n\t\t\t\t\n\t\t\t\t\t\t\t\t\t<p class=\"elementor-icon-box-description\">\n\t\t\t\t\t\tInstala\u00e7\u00e3o, performance, arte ef\u00eamera, arte digital e v\u00eddeo arte proporciona um ambiente prop\u00edcio para a cria\u00e7\u00e3o de experi\u00eancias imersivas. \n\t\t\t\t\t<\/p>\n\t\t\t\t\n\t\t\t<\/div>\n\t\t\t\n\t\t<\/div>\n\t\t\t\t<\/div>\n\t\t\t\t<\/div>\n\t\t\t\t<\/div>\n\t\t<div class=\"elementor-element elementor-element-82b2e93 e-con-full e-flex e-con e-child\" data-id=\"82b2e93\" data-element_type=\"container\">\n\t\t\t\t<div class=\"elementor-element elementor-element-88676c8 elementor-widget elementor-widget-image\" data-id=\"88676c8\" data-element_type=\"widget\" data-widget_type=\"image.default\">\n\t\t\t\t<div class=\"elementor-widget-container\">\n\t\t\t\t\t\t\t\t\t\t\t\t\t<img decoding=\"async\" width=\"1024\" height=\"1024\" src=\"https:\/\/zolhos.com.br\/eita\/wp-content\/uploads\/2024\/12\/ART_ABSTRACT_EXPERIMENTAL_YELLOW_CONTEMPORARY.png\" class=\"attachment-large size-large wp-image-1103\" alt=\"\" srcset=\"https:\/\/zolhos.com.br\/eita\/wp-content\/uploads\/2024\/12\/ART_ABSTRACT_EXPERIMENTAL_YELLOW_CONTEMPORARY.png 1024w, https:\/\/zolhos.com.br\/eita\/wp-content\/uploads\/2024\/12\/ART_ABSTRACT_EXPERIMENTAL_YELLOW_CONTEMPORARY-300x300.png 300w, https:\/\/zolhos.com.br\/eita\/wp-content\/uploads\/2024\/12\/ART_ABSTRACT_EXPERIMENTAL_YELLOW_CONTEMPORARY-150x150.png 150w, https:\/\/zolhos.com.br\/eita\/wp-content\/uploads\/2024\/12\/ART_ABSTRACT_EXPERIMENTAL_YELLOW_CONTEMPORARY-768x768.png 768w\" sizes=\"(max-width: 1024px) 100vw, 1024px\" \/>\t\t\t\t\t\t\t\t\t\t\t\t\t<\/div>\n\t\t\t\t<\/div>\n\t\t\t\t<\/div>\n\t\t\t\t<\/div>\n\t\t<div class=\"elementor-element elementor-element-77d3ddb e-con-full e-flex e-con e-parent\" data-id=\"77d3ddb\" data-element_type=\"container\" data-settings=\"{&quot;background_background&quot;:&quot;classic&quot;}\">\n\t\t<div class=\"elementor-element elementor-element-fd0d3a3 e-con-full e-flex e-con e-child\" data-id=\"fd0d3a3\" data-element_type=\"container\">\n\t\t\t\t<\/div>\n\t\t<div class=\"elementor-element elementor-element-0abdce3 e-con-full e-flex e-con e-child\" data-id=\"0abdce3\" data-element_type=\"container\" data-settings=\"{&quot;background_background&quot;:&quot;classic&quot;}\">\n\t\t\t\t<div class=\"elementor-element elementor-element-e20a360 elementor-widget elementor-widget-icon-box\" data-id=\"e20a360\" data-element_type=\"widget\" data-widget_type=\"icon-box.default\">\n\t\t\t\t<div class=\"elementor-widget-container\">\n\t\t\t\t\t<div class=\"elementor-icon-box-wrapper\">\n\n\t\t\t\n\t\t\t\t\t\t<div class=\"elementor-icon-box-content\">\n\n\t\t\t\t\t\t\t\t\t<h5 class=\"elementor-icon-box-title\">\n\t\t\t\t\t\t<span  >\n\t\t\t\t\t\t\tRECEBA NOVIDADES DO EITA\t\t\t\t\t\t<\/span>\n\t\t\t\t\t<\/h5>\n\t\t\t\t\n\t\t\t\t\t\t\t\t\t<p class=\"elementor-icon-box-description\">\n\t\t\t\t\t\tDEIXE SEU EMAIL\t\t\t\t\t<\/p>\n\t\t\t\t\n\t\t\t<\/div>\n\t\t\t\n\t\t<\/div>\n\t\t\t\t<\/div>\n\t\t\t\t<\/div>\n\t\t\t\t<div class=\"elementor-element elementor-element-e4052a1 elementor-widget elementor-widget-wpforms\" data-id=\"e4052a1\" data-element_type=\"widget\" data-widget_type=\"wpforms.default\">\n\t\t\t\t<div class=\"elementor-widget-container\">\n\t\t\t<div class=\"wpforms-container inline-fields\" id=\"wpforms-22\"><form id=\"wpforms-form-22\" class=\"wpforms-validate wpforms-form\" data-formid=\"22\" method=\"post\" enctype=\"multipart\/form-data\" action=\"\/eita\/wp-json\/wp\/v2\/pages\/769\" data-token=\"c66bda352f8cdd0f0e9b9c54fe597e80\" data-token-time=\"1775985188\"><noscript class=\"wpforms-error-noscript\">Ative o JavaScript no seu navegador para preencher este formul\u00e1rio.<\/noscript><div class=\"wpforms-field-container\"><div id=\"wpforms-22-field_1-container\" class=\"wpforms-field wpforms-field-email\" data-field-id=\"1\"><label class=\"wpforms-field-label wpforms-label-hide\" for=\"wpforms-22-field_1\">Email <span class=\"wpforms-required-label\">*<\/span><\/label><input type=\"email\" id=\"wpforms-22-field_1\" class=\"wpforms-field-medium wpforms-field-required\" name=\"wpforms[fields][1]\" placeholder=\"Enter email address\" spellcheck=\"false\" required><\/div><\/div><!-- .wpforms-field-container --><div class=\"wpforms-submit-container\" ><input type=\"hidden\" name=\"wpforms[id]\" value=\"22\"><input type=\"hidden\" name=\"page_title\" value=\"\"><input type=\"hidden\" name=\"page_url\" value=\"https:\/\/zolhos.com.br\/eita\/wp-json\/wp\/v2\/pages\/769\"><button type=\"submit\" name=\"wpforms[submit]\" id=\"wpforms-submit-22\" class=\"wpforms-submit\" data-alt-text=\"Sending...\" data-submit-text=\"SUBSCRIBE\" aria-live=\"assertive\" value=\"wpforms-submit\">SUBSCRIBE<\/button><\/div><\/form><\/div>  <!-- .wpforms-container -->\t\t<\/div>\n\t\t\t\t<\/div>\n\t\t\t\t<\/div>\n\t\t\t\t<\/div>\n\t\t<div class=\"elementor-element elementor-element-04a51ec e-flex e-con-boxed e-con e-parent\" data-id=\"04a51ec\" data-element_type=\"container\">\n\t\t\t\t\t<div class=\"e-con-inner\">\n\t\t\t\t<div class=\"elementor-element elementor-element-8eef4c2 elementor-widget elementor-widget-image\" data-id=\"8eef4c2\" data-element_type=\"widget\" data-widget_type=\"image.default\">\n\t\t\t\t<div class=\"elementor-widget-container\">\n\t\t\t\t\t\t\t\t\t\t\t\t\t<img decoding=\"async\" width=\"1024\" height=\"109\" src=\"https:\/\/zolhos.com.br\/eita\/wp-content\/uploads\/2024\/12\/horizontal-mono-negativa-1024x109.png\" class=\"attachment-large size-large wp-image-1161\" alt=\"Este projeto \u00e9 apoiado pela Secretaria da Cultura do Estado do Cear\u00e1, com recursos da Lei Paulo Gustavo (Lei Complementar n. 195\/2022)\" srcset=\"https:\/\/zolhos.com.br\/eita\/wp-content\/uploads\/2024\/12\/horizontal-mono-negativa-1024x109.png 1024w, https:\/\/zolhos.com.br\/eita\/wp-content\/uploads\/2024\/12\/horizontal-mono-negativa-300x32.png 300w, https:\/\/zolhos.com.br\/eita\/wp-content\/uploads\/2024\/12\/horizontal-mono-negativa-768x82.png 768w, https:\/\/zolhos.com.br\/eita\/wp-content\/uploads\/2024\/12\/horizontal-mono-negativa-1536x164.png 1536w, https:\/\/zolhos.com.br\/eita\/wp-content\/uploads\/2024\/12\/horizontal-mono-negativa.png 1694w\" sizes=\"(max-width: 1024px) 100vw, 1024px\" \/>\t\t\t\t\t\t\t\t\t\t\t\t\t<\/div>\n\t\t\t\t<\/div>\n\t\t\t\t\t<\/div>\n\t\t\t\t<\/div>\n\t\t\t\t<\/div>\n\t\t","protected":false},"excerpt":{"rendered":"<p>CHAMADA PARA ARTISTAS EITA! Encontro Internacional de Arte Contempor\u00e2nea INSCRI\u00c7\u00d5ES ABERTAS AT\u00c9 15 JANEIRO 2025 Regras e inscri\u00e7\u00e3o aqui Siga o EITA pelo instagram Instagram ENCONTRO INTERNACIONAL DE ARTE CONTEMPOR\u00c2NEA ACONTECER\u00c1 EM 2025 EM SOBRAL A EXPOSI\u00c7\u00c3O EITA, REUNINDO 50 ARTISTAS VISUAIS O evento EITA! Cear\u00e1 convida artistas a enviarem seus trabalhos para integrar a [&hellip;]<\/p>\n","protected":false},"author":1,"featured_media":0,"parent":0,"menu_order":0,"comment_status":"closed","ping_status":"closed","template":"","meta":{"_surecart_dashboard_logo_width":"180px","_surecart_dashboard_show_logo":true,"_surecart_dashboard_navigation_orders":true,"_surecart_dashboard_navigation_invoices":true,"_surecart_dashboard_navigation_subscriptions":true,"_surecart_dashboard_navigation_downloads":true,"_surecart_dashboard_navigation_billing":true,"_surecart_dashboard_navigation_account":true,"site-sidebar-layout":"no-sidebar","site-content-layout":"page-builder","ast-site-content-layout":"full-width-container","site-content-style":"unboxed","site-sidebar-style":"unboxed","ast-global-header-display":"","ast-banner-title-visibility":"","ast-main-header-display":"","ast-hfb-above-header-display":"","ast-hfb-below-header-display":"","ast-hfb-mobile-header-display":"","site-post-title":"disabled","ast-breadcrumbs-content":"disabled","ast-featured-img":"disabled","footer-sml-layout":"","theme-transparent-header-meta":"enabled","adv-header-id-meta":"","stick-header-meta":"","header-above-stick-meta":"","header-main-stick-meta":"","header-below-stick-meta":"","astra-migrate-meta-layouts":"set","ast-page-background-enabled":"default","ast-page-background-meta":{"desktop":{"background-color":"","background-image":"","background-repeat":"repeat","background-position":"center center","background-size":"auto","background-attachment":"scroll","background-type":"","background-media":"","overlay-type":"","overlay-color":"","overlay-opacity":"","overlay-gradient":""},"tablet":{"background-color":"","background-image":"","background-repeat":"repeat","background-position":"center center","background-size":"auto","background-attachment":"scroll","background-type":"","background-media":"","overlay-type":"","overlay-color":"","overlay-opacity":"","overlay-gradient":""},"mobile":{"background-color":"","background-image":"","background-repeat":"repeat","background-position":"center center","background-size":"auto","background-attachment":"scroll","background-type":"","background-media":"","overlay-type":"","overlay-color":"","overlay-opacity":"","overlay-gradient":""}},"ast-content-background-meta":{"desktop":{"background-color":"var(--ast-global-color-5)","background-image":"","background-repeat":"repeat","background-position":"center center","background-size":"auto","background-attachment":"scroll","background-type":"","background-media":"","overlay-type":"","overlay-color":"","overlay-opacity":"","overlay-gradient":""},"tablet":{"background-color":"var(--ast-global-color-5)","background-image":"","background-repeat":"repeat","background-position":"center center","background-size":"auto","background-attachment":"scroll","background-type":"","background-media":"","overlay-type":"","overlay-color":"","overlay-opacity":"","overlay-gradient":""},"mobile":{"background-color":"var(--ast-global-color-5)","background-image":"","background-repeat":"repeat","background-position":"center center","background-size":"auto","background-attachment":"scroll","background-type":"","background-media":"","overlay-type":"","overlay-color":"","overlay-opacity":"","overlay-gradient":""}},"footnotes":""},"class_list":["post-769","page","type-page","status-publish","hentry"],"_links":{"self":[{"href":"https:\/\/zolhos.com.br\/eita\/wp-json\/wp\/v2\/pages\/769","targetHints":{"allow":["GET"]}}],"collection":[{"href":"https:\/\/zolhos.com.br\/eita\/wp-json\/wp\/v2\/pages"}],"about":[{"href":"https:\/\/zolhos.com.br\/eita\/wp-json\/wp\/v2\/types\/page"}],"author":[{"embeddable":true,"href":"https:\/\/zolhos.com.br\/eita\/wp-json\/wp\/v2\/users\/1"}],"replies":[{"embeddable":true,"href":"https:\/\/zolhos.com.br\/eita\/wp-json\/wp\/v2\/comments?post=769"}],"version-history":[{"count":49,"href":"https:\/\/zolhos.com.br\/eita\/wp-json\/wp\/v2\/pages\/769\/revisions"}],"predecessor-version":[{"id":1216,"href":"https:\/\/zolhos.com.br\/eita\/wp-json\/wp\/v2\/pages\/769\/revisions\/1216"}],"wp:attachment":[{"href":"https:\/\/zolhos.com.br\/eita\/wp-json\/wp\/v2\/media?parent=769"}],"curies":[{"name":"wp","href":"https:\/\/api.w.org\/{rel}","templated":true}]}}