{"id":771,"date":"2024-12-08T17:10:26","date_gmt":"2024-12-08T17:10:26","guid":{"rendered":"https:\/\/zolhos.com.br\/eita\/shows\/"},"modified":"2024-12-12T14:37:03","modified_gmt":"2024-12-12T14:37:03","slug":"programacao","status":"publish","type":"page","link":"https:\/\/zolhos.com.br\/eita\/programacao\/","title":{"rendered":"Progama\u00e7\u00e3o"},"content":{"rendered":"\t\t<div data-elementor-type=\"wp-page\" data-elementor-id=\"771\" class=\"elementor elementor-771\">\n\t\t\t\t<div class=\"elementor-element elementor-element-9b5e175 e-con-full e-flex e-con e-parent\" data-id=\"9b5e175\" data-element_type=\"container\" data-settings=\"{&quot;background_background&quot;:&quot;classic&quot;,&quot;shape_divider_bottom&quot;:&quot;tilt&quot;}\">\n\t\t\t\t<div class=\"elementor-shape elementor-shape-bottom\" data-negative=\"false\">\n\t\t\t<svg xmlns=\"http:\/\/www.w3.org\/2000\/svg\" viewBox=\"0 0 1000 100\" preserveAspectRatio=\"none\">\n\t<path class=\"elementor-shape-fill\" d=\"M0,6V0h1000v100L0,6z\"\/>\n<\/svg>\t\t<\/div>\n\t\t<div class=\"elementor-element elementor-element-b092701 e-con-full e-flex e-con e-child\" data-id=\"b092701\" data-element_type=\"container\">\n\t\t\t\t<div class=\"elementor-element elementor-element-e46f659 elementor-widget elementor-widget-icon-box\" data-id=\"e46f659\" data-element_type=\"widget\" data-widget_type=\"icon-box.default\">\n\t\t\t\t<div class=\"elementor-widget-container\">\n\t\t\t\t\t<div class=\"elementor-icon-box-wrapper\">\n\n\t\t\t\n\t\t\t\t\t\t<div class=\"elementor-icon-box-content\">\n\n\t\t\t\t\t\t\t\t\t<h1 class=\"elementor-icon-box-title\">\n\t\t\t\t\t\t<span  >\n\t\t\t\t\t\t\tPrograma\u00e7\u00e3o\t\t\t\t\t\t<\/span>\n\t\t\t\t\t<\/h1>\n\t\t\t\t\n\t\t\t\t\t\t\t\t\t<p class=\"elementor-icon-box-description\">\n\t\t\t\t\t\tExposi\u00e7\u00e3o EITA 2025\t\t\t\t\t<\/p>\n\t\t\t\t\n\t\t\t<\/div>\n\t\t\t\n\t\t<\/div>\n\t\t\t\t<\/div>\n\t\t\t\t<\/div>\n\t\t\t\t<\/div>\n\t\t\t\t<\/div>\n\t\t<div class=\"elementor-element elementor-element-63e03e9 e-con-full e-flex e-con e-parent\" data-id=\"63e03e9\" data-element_type=\"container\" data-settings=\"{&quot;background_background&quot;:&quot;classic&quot;}\">\n\t\t<div class=\"elementor-element elementor-element-abc2943 e-con-full e-flex e-con e-child\" data-id=\"abc2943\" data-element_type=\"container\">\n\t\t\t\t<div class=\"elementor-element elementor-element-f539a27 elementor-widget elementor-widget-icon-box\" data-id=\"f539a27\" data-element_type=\"widget\" data-widget_type=\"icon-box.default\">\n\t\t\t\t<div class=\"elementor-widget-container\">\n\t\t\t\t\t<div class=\"elementor-icon-box-wrapper\">\n\n\t\t\t\n\t\t\t\t\t\t<div class=\"elementor-icon-box-content\">\n\n\t\t\t\t\t\t\t\t\t<h4 class=\"elementor-icon-box-title\">\n\t\t\t\t\t\t<span  >\n\t\t\t\t\t\t\tExposi\u00e7\u00e3o em ser\u00e1 realizada em Sobral-CE em 2025\t\t\t\t\t\t<\/span>\n\t\t\t\t\t<\/h4>\n\t\t\t\t\n\t\t\t\t\n\t\t\t<\/div>\n\t\t\t\n\t\t<\/div>\n\t\t\t\t<\/div>\n\t\t\t\t<\/div>\n\t\t\t\t<div class=\"elementor-element elementor-element-d8ff510 elementor-widget elementor-widget-icon-box\" data-id=\"d8ff510\" data-element_type=\"widget\" data-widget_type=\"icon-box.default\">\n\t\t\t\t<div class=\"elementor-widget-container\">\n\t\t\t\t\t<div class=\"elementor-icon-box-wrapper\">\n\n\t\t\t\n\t\t\t\t\t\t<div class=\"elementor-icon-box-content\">\n\n\t\t\t\t\t\t\t\t\t<h6 class=\"elementor-icon-box-title\">\n\t\t\t\t\t\t<span  >\n\t\t\t\t\t\t\tPROGRAMA\u00c7\u00c3O\t\t\t\t\t\t<\/span>\n\t\t\t\t\t<\/h6>\n\t\t\t\t\n\t\t\t\t\n\t\t\t<\/div>\n\t\t\t\n\t\t<\/div>\n\t\t\t\t<\/div>\n\t\t\t\t<\/div>\n\t\t\t\t<\/div>\n\t\t\t\t<\/div>\n\t\t<div class=\"elementor-element elementor-element-21e0438 e-flex e-con-boxed e-con e-parent\" data-id=\"21e0438\" data-element_type=\"container\" data-settings=\"{&quot;background_background&quot;:&quot;classic&quot;}\">\n\t\t\t\t\t<div class=\"e-con-inner\">\n\t\t<div class=\"elementor-element elementor-element-84b70f9 e-con-full e-flex e-con e-child\" data-id=\"84b70f9\" data-element_type=\"container\">\n\t\t<div class=\"elementor-element elementor-element-3768ab2 e-con-full e-flex e-con e-child\" data-id=\"3768ab2\" data-element_type=\"container\" data-settings=\"{&quot;background_background&quot;:&quot;classic&quot;}\">\n\t\t<div class=\"elementor-element elementor-element-7078538 e-con-full e-flex e-con e-child\" data-id=\"7078538\" data-element_type=\"container\">\n\t\t\t\t<div class=\"elementor-element elementor-element-bd73c7f elementor-widget elementor-widget-heading\" data-id=\"bd73c7f\" data-element_type=\"widget\" data-widget_type=\"heading.default\">\n\t\t\t\t<div class=\"elementor-widget-container\">\n\t\t\t<h6 class=\"elementor-heading-title elementor-size-default\">13 DEZ at\u00e9 15 JAN 2025<\/h6>\t\t<\/div>\n\t\t\t\t<\/div>\n\t\t\t\t<\/div>\n\t\t<div class=\"elementor-element elementor-element-66ee96e e-con-full e-flex e-con e-child\" data-id=\"66ee96e\" data-element_type=\"container\">\n\t\t\t\t<div class=\"elementor-element elementor-element-68fff9d elementor-widget elementor-widget-heading\" data-id=\"68fff9d\" data-element_type=\"widget\" data-widget_type=\"heading.default\">\n\t\t\t\t<div class=\"elementor-widget-container\">\n\t\t\t<span class=\"elementor-heading-title elementor-size-default\">SELE\u00c7\u00c3O DE OBRAS PARA A EXPOSI\u00c7\u00c3O\n\n<\/span>\t\t<\/div>\n\t\t\t\t<\/div>\n\t\t\t\t<\/div>\n\t\t\t\t<\/div>\n\t\t<div class=\"elementor-element elementor-element-92a8233 e-con-full e-flex e-con e-child\" data-id=\"92a8233\" data-element_type=\"container\" data-settings=\"{&quot;background_background&quot;:&quot;classic&quot;}\">\n\t\t<div class=\"elementor-element elementor-element-762c8d1 e-con-full e-flex e-con e-child\" data-id=\"762c8d1\" data-element_type=\"container\">\n\t\t\t\t<div class=\"elementor-element elementor-element-3475f3a elementor-widget elementor-widget-heading\" data-id=\"3475f3a\" data-element_type=\"widget\" data-widget_type=\"heading.default\">\n\t\t\t\t<div class=\"elementor-widget-container\">\n\t\t\t<h6 class=\"elementor-heading-title elementor-size-default\">31 JAN 2025<\/h6>\t\t<\/div>\n\t\t\t\t<\/div>\n\t\t\t\t<\/div>\n\t\t<div class=\"elementor-element elementor-element-c7a6cb2 e-con-full e-flex e-con e-child\" data-id=\"c7a6cb2\" data-element_type=\"container\">\n\t\t\t\t<div class=\"elementor-element elementor-element-30a4432 elementor-widget elementor-widget-heading\" data-id=\"30a4432\" data-element_type=\"widget\" data-widget_type=\"heading.default\">\n\t\t\t\t<div class=\"elementor-widget-container\">\n\t\t\t<span class=\"elementor-heading-title elementor-size-default\">RESULTADO DA SELE\u00c7\u00c3O\n\n<\/span>\t\t<\/div>\n\t\t\t\t<\/div>\n\t\t\t\t<\/div>\n\t\t\t\t<\/div>\n\t\t<div class=\"elementor-element elementor-element-9dd422d e-con-full e-flex e-con e-child\" data-id=\"9dd422d\" data-element_type=\"container\" data-settings=\"{&quot;background_background&quot;:&quot;classic&quot;}\">\n\t\t<div class=\"elementor-element elementor-element-9388547 e-con-full e-flex e-con e-child\" data-id=\"9388547\" data-element_type=\"container\">\n\t\t\t\t<div class=\"elementor-element elementor-element-ed1561c elementor-widget elementor-widget-heading\" data-id=\"ed1561c\" data-element_type=\"widget\" data-widget_type=\"heading.default\">\n\t\t\t\t<div class=\"elementor-widget-container\">\n\t\t\t<h6 class=\"elementor-heading-title elementor-size-default\">3 A 15 FEV 2025<\/h6>\t\t<\/div>\n\t\t\t\t<\/div>\n\t\t\t\t<\/div>\n\t\t<div class=\"elementor-element elementor-element-fac8004 e-con-full e-flex e-con e-child\" data-id=\"fac8004\" data-element_type=\"container\">\n\t\t\t\t<div class=\"elementor-element elementor-element-6c6aff0 elementor-widget elementor-widget-heading\" data-id=\"6c6aff0\" data-element_type=\"widget\" data-widget_type=\"heading.default\">\n\t\t\t\t<div class=\"elementor-widget-container\">\n\t\t\t<span class=\"elementor-heading-title elementor-size-default\">MONTAGEM DA EXPOSI\u00c7AO\n\n<\/span>\t\t<\/div>\n\t\t\t\t<\/div>\n\t\t\t\t<\/div>\n\t\t\t\t<\/div>\n\t\t\t\t<\/div>\n\t\t<div class=\"elementor-element elementor-element-748b5fc e-con-full e-flex e-con e-child\" data-id=\"748b5fc\" data-element_type=\"container\">\n\t\t<div class=\"elementor-element elementor-element-78aecec e-con-full e-flex e-con e-child\" data-id=\"78aecec\" data-element_type=\"container\" data-settings=\"{&quot;background_background&quot;:&quot;classic&quot;}\">\n\t\t<div class=\"elementor-element elementor-element-b141857 e-con-full e-flex e-con e-child\" data-id=\"b141857\" data-element_type=\"container\">\n\t\t\t\t<div class=\"elementor-element elementor-element-12a2f7b elementor-widget elementor-widget-heading\" data-id=\"12a2f7b\" data-element_type=\"widget\" data-widget_type=\"heading.default\">\n\t\t\t\t<div class=\"elementor-widget-container\">\n\t\t\t<h6 class=\"elementor-heading-title elementor-size-default\">FEV 2025<\/h6>\t\t<\/div>\n\t\t\t\t<\/div>\n\t\t\t\t<\/div>\n\t\t<div class=\"elementor-element elementor-element-f024cb8 e-con-full e-flex e-con e-child\" data-id=\"f024cb8\" data-element_type=\"container\">\n\t\t\t\t<div class=\"elementor-element elementor-element-9ca9c2c elementor-widget elementor-widget-heading\" data-id=\"9ca9c2c\" data-element_type=\"widget\" data-widget_type=\"heading.default\">\n\t\t\t\t<div class=\"elementor-widget-container\">\n\t\t\t<span class=\"elementor-heading-title elementor-size-default\">ABERTURA DA EXPOSI\u00c7\u00c3O\n\n<\/span>\t\t<\/div>\n\t\t\t\t<\/div>\n\t\t\t\t<\/div>\n\t\t\t\t<\/div>\n\t\t<div class=\"elementor-element elementor-element-2294d29 e-con-full e-flex e-con e-child\" data-id=\"2294d29\" data-element_type=\"container\" data-settings=\"{&quot;background_background&quot;:&quot;classic&quot;}\">\n\t\t<div class=\"elementor-element elementor-element-1bc9574 e-con-full e-flex e-con e-child\" data-id=\"1bc9574\" data-element_type=\"container\">\n\t\t\t\t<div class=\"elementor-element elementor-element-d04b19d elementor-widget elementor-widget-heading\" data-id=\"d04b19d\" data-element_type=\"widget\" data-widget_type=\"heading.default\">\n\t\t\t\t<div class=\"elementor-widget-container\">\n\t\t\t<h6 class=\"elementor-heading-title elementor-size-default\">MAR 2025<\/h6>\t\t<\/div>\n\t\t\t\t<\/div>\n\t\t\t\t<\/div>\n\t\t<div class=\"elementor-element elementor-element-3bfb5a4 e-con-full e-flex e-con e-child\" data-id=\"3bfb5a4\" data-element_type=\"container\">\n\t\t\t\t<div class=\"elementor-element elementor-element-4982b28 elementor-widget elementor-widget-heading\" data-id=\"4982b28\" data-element_type=\"widget\" data-widget_type=\"heading.default\">\n\t\t\t\t<div class=\"elementor-widget-container\">\n\t\t\t<span class=\"elementor-heading-title elementor-size-default\">LAN\u00c7AMENTO CAT\u00c1LOGO DIGITAL\n\n<\/span>\t\t<\/div>\n\t\t\t\t<\/div>\n\t\t\t\t<\/div>\n\t\t\t\t<\/div>\n\t\t<div class=\"elementor-element elementor-element-44cf0c6 e-con-full e-flex e-con e-child\" data-id=\"44cf0c6\" data-element_type=\"container\" data-settings=\"{&quot;background_background&quot;:&quot;classic&quot;}\">\n\t\t<div class=\"elementor-element elementor-element-bbe0bb6 e-con-full e-flex e-con e-child\" data-id=\"bbe0bb6\" data-element_type=\"container\">\n\t\t\t\t<div class=\"elementor-element elementor-element-6f5a2f2 elementor-widget elementor-widget-heading\" data-id=\"6f5a2f2\" data-element_type=\"widget\" data-widget_type=\"heading.default\">\n\t\t\t\t<div class=\"elementor-widget-container\">\n\t\t\t<h6 class=\"elementor-heading-title elementor-size-default\">ABRIL 2025<\/h6>\t\t<\/div>\n\t\t\t\t<\/div>\n\t\t\t\t<\/div>\n\t\t<div class=\"elementor-element elementor-element-cd563a1 e-con-full e-flex e-con e-child\" data-id=\"cd563a1\" data-element_type=\"container\">\n\t\t\t\t<div class=\"elementor-element elementor-element-b324d95 elementor-widget elementor-widget-heading\" data-id=\"b324d95\" data-element_type=\"widget\" data-widget_type=\"heading.default\">\n\t\t\t\t<div class=\"elementor-widget-container\">\n\t\t\t<span class=\"elementor-heading-title elementor-size-default\">DESMONTAGEM DAS OBRAS\n\n<\/span>\t\t<\/div>\n\t\t\t\t<\/div>\n\t\t\t\t<\/div>\n\t\t\t\t<\/div>\n\t\t\t\t<\/div>\n\t\t\t\t\t<\/div>\n\t\t\t\t<\/div>\n\t\t<div class=\"elementor-element elementor-element-264abf3 e-flex e-con-boxed e-con e-parent\" data-id=\"264abf3\" data-element_type=\"container\">\n\t\t\t\t\t<div class=\"e-con-inner\">\n\t\t<div class=\"elementor-element elementor-element-3733c0b e-con-full e-flex e-con e-child\" data-id=\"3733c0b\" data-element_type=\"container\">\n\t\t\t\t<div class=\"elementor-element elementor-element-078028f elementor-widget elementor-widget-image\" data-id=\"078028f\" data-element_type=\"widget\" data-widget_type=\"image.default\">\n\t\t\t\t<div class=\"elementor-widget-container\">\n\t\t\t\t\t\t\t\t\t\t\t\t\t<img fetchpriority=\"high\" decoding=\"async\" width=\"1024\" height=\"109\" src=\"https:\/\/zolhos.com.br\/eita\/wp-content\/uploads\/2024\/12\/horizontal-mono-negativa-1024x109.png\" class=\"attachment-large size-large wp-image-1161\" alt=\"Este projeto \u00e9 apoiado pela Secretaria da Cultura do Estado do Cear\u00e1, com recursos da Lei Paulo Gustavo (Lei Complementar n. 195\/2022)\" srcset=\"https:\/\/zolhos.com.br\/eita\/wp-content\/uploads\/2024\/12\/horizontal-mono-negativa-1024x109.png 1024w, https:\/\/zolhos.com.br\/eita\/wp-content\/uploads\/2024\/12\/horizontal-mono-negativa-300x32.png 300w, https:\/\/zolhos.com.br\/eita\/wp-content\/uploads\/2024\/12\/horizontal-mono-negativa-768x82.png 768w, https:\/\/zolhos.com.br\/eita\/wp-content\/uploads\/2024\/12\/horizontal-mono-negativa-1536x164.png 1536w, https:\/\/zolhos.com.br\/eita\/wp-content\/uploads\/2024\/12\/horizontal-mono-negativa.png 1694w\" sizes=\"(max-width: 1024px) 100vw, 1024px\" \/>\t\t\t\t\t\t\t\t\t\t\t\t\t<\/div>\n\t\t\t\t<\/div>\n\t\t\t\t<\/div>\n\t\t\t\t\t<\/div>\n\t\t\t\t<\/div>\n\t\t\t\t<\/div>\n\t\t","protected":false},"excerpt":{"rendered":"<p>Programa\u00e7\u00e3o Exposi\u00e7\u00e3o EITA 2025 Exposi\u00e7\u00e3o em ser\u00e1 realizada em Sobral-CE em 2025 PROGRAMA\u00c7\u00c3O 13 DEZ at\u00e9 15 JAN 2025 SELE\u00c7\u00c3O DE OBRAS PARA A EXPOSI\u00c7\u00c3O 31 JAN 2025 RESULTADO DA SELE\u00c7\u00c3O 3 A 15 FEV 2025 MONTAGEM DA EXPOSI\u00c7AO FEV 2025 ABERTURA DA EXPOSI\u00c7\u00c3O MAR 2025 LAN\u00c7AMENTO CAT\u00c1LOGO DIGITAL ABRIL 2025 DESMONTAGEM DAS OBRAS<\/p>\n","protected":false},"author":1,"featured_media":0,"parent":0,"menu_order":0,"comment_status":"closed","ping_status":"closed","template":"","meta":{"_surecart_dashboard_logo_width":"180px","_surecart_dashboard_show_logo":true,"_surecart_dashboard_navigation_orders":true,"_surecart_dashboard_navigation_invoices":true,"_surecart_dashboard_navigation_subscriptions":true,"_surecart_dashboard_navigation_downloads":true,"_surecart_dashboard_navigation_billing":true,"_surecart_dashboard_navigation_account":true,"site-sidebar-layout":"no-sidebar","site-content-layout":"page-builder","ast-site-content-layout":"full-width-container","site-content-style":"unboxed","site-sidebar-style":"unboxed","ast-global-header-display":"","ast-banner-title-visibility":"","ast-main-header-display":"","ast-hfb-above-header-display":"","ast-hfb-below-header-display":"","ast-hfb-mobile-header-display":"","site-post-title":"disabled","ast-breadcrumbs-content":"disabled","ast-featured-img":"disabled","footer-sml-layout":"","theme-transparent-header-meta":"enabled","adv-header-id-meta":"","stick-header-meta":"","header-above-stick-meta":"","header-main-stick-meta":"","header-below-stick-meta":"","astra-migrate-meta-layouts":"set","ast-page-background-enabled":"default","ast-page-background-meta":{"desktop":{"background-color":"","background-image":"","background-repeat":"repeat","background-position":"center center","background-size":"auto","background-attachment":"scroll","background-type":"","background-media":"","overlay-type":"","overlay-color":"","overlay-opacity":"","overlay-gradient":""},"tablet":{"background-color":"","background-image":"","background-repeat":"repeat","background-position":"center center","background-size":"auto","background-attachment":"scroll","background-type":"","background-media":"","overlay-type":"","overlay-color":"","overlay-opacity":"","overlay-gradient":""},"mobile":{"background-color":"","background-image":"","background-repeat":"repeat","background-position":"center center","background-size":"auto","background-attachment":"scroll","background-type":"","background-media":"","overlay-type":"","overlay-color":"","overlay-opacity":"","overlay-gradient":""}},"ast-content-background-meta":{"desktop":{"background-color":"var(--ast-global-color-5)","background-image":"","background-repeat":"repeat","background-position":"center center","background-size":"auto","background-attachment":"scroll","background-type":"","background-media":"","overlay-type":"","overlay-color":"","overlay-opacity":"","overlay-gradient":""},"tablet":{"background-color":"var(--ast-global-color-5)","background-image":"","background-repeat":"repeat","background-position":"center center","background-size":"auto","background-attachment":"scroll","background-type":"","background-media":"","overlay-type":"","overlay-color":"","overlay-opacity":"","overlay-gradient":""},"mobile":{"background-color":"var(--ast-global-color-5)","background-image":"","background-repeat":"repeat","background-position":"center center","background-size":"auto","background-attachment":"scroll","background-type":"","background-media":"","overlay-type":"","overlay-color":"","overlay-opacity":"","overlay-gradient":""}},"footnotes":""},"class_list":["post-771","page","type-page","status-publish","hentry"],"_links":{"self":[{"href":"https:\/\/zolhos.com.br\/eita\/wp-json\/wp\/v2\/pages\/771","targetHints":{"allow":["GET"]}}],"collection":[{"href":"https:\/\/zolhos.com.br\/eita\/wp-json\/wp\/v2\/pages"}],"about":[{"href":"https:\/\/zolhos.com.br\/eita\/wp-json\/wp\/v2\/types\/page"}],"author":[{"embeddable":true,"href":"https:\/\/zolhos.com.br\/eita\/wp-json\/wp\/v2\/users\/1"}],"replies":[{"embeddable":true,"href":"https:\/\/zolhos.com.br\/eita\/wp-json\/wp\/v2\/comments?post=771"}],"version-history":[{"count":22,"href":"https:\/\/zolhos.com.br\/eita\/wp-json\/wp\/v2\/pages\/771\/revisions"}],"predecessor-version":[{"id":1190,"href":"https:\/\/zolhos.com.br\/eita\/wp-json\/wp\/v2\/pages\/771\/revisions\/1190"}],"wp:attachment":[{"href":"https:\/\/zolhos.com.br\/eita\/wp-json\/wp\/v2\/media?parent=771"}],"curies":[{"name":"wp","href":"https:\/\/api.w.org\/{rel}","templated":true}]}}